{"id":427,"date":"2014-05-20T15:24:32","date_gmt":"2014-05-20T13:24:32","guid":{"rendered":"http:\/\/www.zefix.me\/wordpress\/?page_id=427"},"modified":"2023-11-24T11:25:01","modified_gmt":"2023-11-24T09:25:01","slug":"impressum","status":"publish","type":"page","link":"http:\/\/www.zefix.me\/?page_id=427","title":{"rendered":"Impressum!"},"content":{"rendered":"<div style=\"height:40px;\"><\/div><p>Firmenname: Zefix\u00ae<br \/>\nFirmensitz: Allg\u00e4uer Str. 6 | 81475 M\u00fcnchen | BY | D<br \/>\nTel.: +49.162.59 58 089<br \/>\nE-Mail.: servus@zefix.me<br \/>\nWeb: http:\/\/www.zefix.me<br \/>\nInhaber: Christine Schreiber<br \/>\nInhaltlich verantwortlich: Christine Schreiber<br \/>\nGerichtsstand: M\u00fcnchen<br \/>\nCopyright: Zefix\u00ae ist eine eingetragene Marke<br \/>\nCopyright 2023, alle Rechte vorbehalten.<br \/>\nFotocredits: Stine Vitrine Photography, Maximilian Prechtel Photography<\/p>\n<p>&#8211; DIE SEITE BEFINDET SICH IM AUFBAU &#8211;<\/p>\n<p>Haftungsausschluss f\u00fcr fremde Links:<br \/>\nSoweit auf den Seiten von Zefix\u00ae Links zu anderen Seiten im Internet enthalten sind, hat Zefix\u00ae keinerlei Einfluss auf die Gestaltung und die Inhalte der verlinkten Seiten. Deshalb distanziert sich Zefix\u00ae hiermit ausdr\u00fccklich von allen Inhalten aller verlinkten Seiten. Diese Erkl\u00e4rung gilt f\u00fcr alle angezeigten Links und f\u00fcr alle Inhalte der Seiten, zu denen Links f\u00fchren.<\/p>\n","protected":false},"excerpt":{"rendered":"<p>Firmenname: Zefix\u00ae Firmensitz: Allg\u00e4uer Str. 6 | 81475 M\u00fcnchen | BY | D Tel.: +49.162.59 58 089 E-Mail.: servus@zefix.me Web: http:\/\/www.zefix.me Inhaber: Christine Schreiber Inhaltlich verantwortlich: Christine Schreiber Gerichtsstand: M\u00fcnchen Copyright: Zefix\u00ae ist eine eingetragene Marke Copyright 2023, alle Rechte vorbehalten. Fotocredits: Stine Vitrine Photography, Maximilian Prechtel Photography &#8211; DIE SEITE BEFINDET SICH IM AUFBAU<\/p>\n<div class=\"more-link\">\n             <a href=\"http:\/\/www.zefix.me\/?page_id=427\" class=\"btn btn-theme\">Weiterlesen<i class=\"fa fa-fw fa-long-arrow-right\"><\/i><\/a>\n        <\/div>\n","protected":false},"author":1,"featured_media":0,"parent":0,"menu_order":3,"comment_status":"closed","ping_status":"closed","template":"","meta":{"footnotes":""},"class_list":["post-427","page","type-page","status-publish","hentry"],"_links":{"self":[{"href":"http:\/\/www.zefix.me\/index.php?rest_route=\/wp\/v2\/pages\/427","targetHints":{"allow":["GET"]}}],"collection":[{"href":"http:\/\/www.zefix.me\/index.php?rest_route=\/wp\/v2\/pages"}],"about":[{"href":"http:\/\/www.zefix.me\/index.php?rest_route=\/wp\/v2\/types\/page"}],"author":[{"embeddable":true,"href":"http:\/\/www.zefix.me\/index.php?rest_route=\/wp\/v2\/users\/1"}],"replies":[{"embeddable":true,"href":"http:\/\/www.zefix.me\/index.php?rest_route=%2Fwp%2Fv2%2Fcomments&post=427"}],"version-history":[{"count":13,"href":"http:\/\/www.zefix.me\/index.php?rest_route=\/wp\/v2\/pages\/427\/revisions"}],"predecessor-version":[{"id":1633,"href":"http:\/\/www.zefix.me\/index.php?rest_route=\/wp\/v2\/pages\/427\/revisions\/1633"}],"wp:attachment":[{"href":"http:\/\/www.zefix.me\/index.php?rest_route=%2Fwp%2Fv2%2Fmedia&parent=427"}],"curies":[{"name":"wp","href":"https:\/\/api.w.org\/{rel}","templated":true}]}}