{"id":511,"date":"2014-05-23T12:46:15","date_gmt":"2014-05-23T10:46:15","guid":{"rendered":"http:\/\/www.zefix.me\/wordpress\/?page_id=511"},"modified":"2023-06-26T19:08:26","modified_gmt":"2023-06-26T17:08:26","slug":"agbs","status":"publish","type":"page","link":"http:\/\/www.zefix.me\/?page_id=511","title":{"rendered":"AGBs"},"content":{"rendered":"<div style=\"height:40px;\"><\/div><header class=\"entry-header\">\n<h4 class=\"entry-title\"><strong style=\"background-color: var(--wp--preset--color--main-background); color: var(--wp--preset--color--font-secondary); font-family: var(--wp--preset--font-family--arimo);\">Allgemeine Gesch\u00e4ftsbedingungen mit Kundeninformationen<\/strong><\/h4>\n<\/header>\n<div class=\"entry-content\">\n<p>1. Geltungsbereich<br \/>\n2. Angebote und Leistungsbeschreibungen<br \/>\n3. Bestellvorgang und Vertragsabschluss<br \/>\n4. Preise und Versandkosten<br \/>\n5. Lieferung, Warenverf\u00fcgbarkeit<br \/>\n6. Zahlungsmodalit\u00e4ten<br \/>\n7. Eigentumsvorbehalt<br \/>\n8. Sachm\u00e4ngelgew\u00e4hrleistung und Garantie<br \/>\n9. Haftung<br \/>\n10. Speicherung des Vertragstextes<br \/>\n11. Schlussbestimmungen<\/p>\n<p><em>1. Geltungsbereich<\/em><br \/>\n1.1. F\u00fcr die Gesch\u00e4ftsbeziehung zwischen Zefix\u00ae, Gesch\u00e4ftsf\u00fchrer: C. Schreiber, Reutberger Str. 9, 81471 M\u00fcnchen, Deutschland (nachfolgend \u201eVerk\u00e4ufer\u201c) und dem Kunden (nachfolgend \u201eKunde\u201c) gelten ausschlie\u00dflich die nachfolgenden Allgemeinen Gesch\u00e4ftsbedingungen in ihrer zum Zeitpunkt der Bestellung g\u00fcltigen Fassung.<\/p>\n<p>1.2. Sie erreichen unseren Kundendienst f\u00fcr Fragen, Reklamationen und Beanstandungen unter der Telefonnummer +49.162.5958089 oder per E-Mail unter \u00a0servus@zefix.me.<\/p>\n<p>1.3. Verbraucher im Sinne dieser AGB ist jede nat\u00fcrliche Person, die ein Rechtsgesch\u00e4ft zu einem Zwecke abschlie\u00dft, der \u00fcberwiegend weder ihrer gewerblichen noch ihrer selbstst\u00e4ndigen beruflichen T\u00e4tigkeit zugerechnet werden kann (\u00a7 13 BGB).<\/p>\n<p>1.4. Abweichende Bedingungen des Kunden werden nicht anerkannt, es sei denn, der Verk\u00e4ufer stimmt ihrer Geltung ausdr\u00fccklich zu.<\/p>\n<p><em>2. Angebote und Leistungsbeschreibungen<\/em><br \/>\nDie Darstellung der Produkte im Online-Shop stellt kein rechtlich bindendes Angebot, sondern eine Aufforderung zur Abgabe einer Bestellung dar. Leistungsbeschreibungen in Katalogen sowie auf den Websites des Verk\u00e4ufers haben nicht den Charakter einer Zusicherung oder Garantie.<br \/>\nAlle Angebote gelten \u201esolange der Vorrat reicht\u201c, wenn nicht bei den Produkten etwas anderes vermerkt ist. Im \u00dcbrigen bleiben Irrt\u00fcmer vorbehalten.<\/p>\n<p><strong>3. Bestellvorgang und Vertragsabschluss<\/strong><br \/>\n3.1. Der Kunde kann aus dem Sortiment des Verk\u00e4ufers Produkte unverbindlich ausw\u00e4hlen und diese \u00fcber die Schaltfl\u00e4che [Kerbal] in einem so genannten Warenkorb sammeln. Innerhalb des Warenkorbes kann die Produktauswahl ver\u00e4ndert, z.B. gel\u00f6scht werden. Anschlie\u00dfend kann der Kunde innerhalb des Warenkorbs \u00fcber die Schaltfl\u00e4che [zur Kasse] zum Abschluss des Bestellvorgangs schreiten.<\/p>\n<p>3.2. \u00dcber die Schaltfl\u00e4che [wirkli bstellen] gibt der Kunde einen verbindlichen Antrag zum Kauf der im Warenkorb befindlichen Waren ab. Vor Abschicken der Bestellung kann der Kunde die Daten jederzeit \u00e4ndern und einsehen sowie mithilfe der Browserfunktion \u201czur\u00fcck\u201d zum Warenkorb zur\u00fcckgehen oder den Bestellvorgang insgesamt abbrechen. Notwendige Angaben sind mit einem Sternchen (*) gekennzeichnet.<\/p>\n<p>3.3. Der Verk\u00e4ufer schickt daraufhin dem Kunden eine automatische Empfangsbest\u00e4tigung per E-Mail zu, in der die Bestellung des Kunden nochmals aufgef\u00fchrt ist (Bestellbest\u00e4tigung). Die automatische Empfangsbest\u00e4tigung dokumentiert lediglich, dass die Bestellung des Kunden beim Verk\u00e4ufer eingegangen ist und stellt keine Annahme des Antrags dar. Der Kaufvertrag kommt <span style=\"background-color: var(--wp--preset--color--main-background); color: var(--wp--preset--color--font-secondary); font-family: var(--wp--preset--font-family--arimo);\">mit der Bereitstellung der Bankdaten und Zahlungsaufforderung von Verk\u00e4uferseite zustande. Wenn die Zahlung trotz F\u00e4lligkeit auch nach erneuter Aufforderung nicht bis zu einem Zeitpunkt von 10 Kalendertagen nach Absendung der Bestellbest\u00e4tigung beim Verk\u00e4ufer eingegangen ist, tritt der Verk\u00e4ufer vom Vertrag zur\u00fcck mit der Folge, dass die Bestellung hinf\u00e4llig ist und den Verk\u00e4ufer keine Lieferpflicht trifft. Die Bestellung ist dann f\u00fcr den K\u00e4ufer und Verk\u00e4ufer ohne weitere Folgen erledigt. Eine Reservierung des Artikels bei Vorkassezahlungen erfolgt daher l\u00e4ngstens f\u00fcr 10 Kalendertage.\u00a0<\/span><\/p>\n<p><strong>4. Preise und Versandkosten<\/strong><br \/>\n4.1. Alle Preise, die auf der Website des Verk\u00e4ufers angegeben sind, verstehen sich einschlie\u00dflich der jeweils g\u00fcltigen gesetzlichen Umsatzsteuer.<\/p>\n<p>4.2. Zus\u00e4tzlich zu den angegebenen Preisen berechnet der Verk\u00e4ufer f\u00fcr die Lieferung Versandkosten. Die Versandkosten werden dem K\u00e4ufer im Rahmen des Bestellvorgangs deutlich mitgeteilt.<\/p>\n<p><strong>5. Lieferung, Warenverf\u00fcgbarkeit<\/strong><br \/>\n5.1. Die Lieferung nach Eingang des Rechnungsbetrages.<\/p>\n<p>5.2. Sollte die Zustellung der Ware durch Verschulden des K\u00e4ufers trotz erneutem Auslieferversuchs scheitern, kann der Verk\u00e4ufer vom Vertrag zur\u00fccktreten. Ggf. geleistete Zahlungen werden dem Kunden unverz\u00fcglich erstattet.<\/p>\n<p>5.3. Wenn das bestellte Produkt nicht verf\u00fcgbar ist, weil der Verk\u00e4ufer mit diesem Produkt von seinem Lieferanten ohne eigenes Verschulden nicht beliefert wird, kann der Verk\u00e4ufer vom Vertrag zur\u00fccktreten. In diesem Fall wird der Verk\u00e4ufer den Kunden unverz\u00fcglich informieren und ihm ggf. die Lieferung eines vergleichbaren Produktes vorschlagen. Wenn kein vergleichbares Produkt verf\u00fcgbar ist oder der Kunde keine Lieferung eines vergleichbaren Produktes w\u00fcnscht, wird der Verk\u00e4ufer dem Kunden ggf. bereits erbrachte Gegenleistungen unverz\u00fcglich erstatten.<\/p>\n<p>5.4. Kunden werden \u00fcber Lieferzeiten und Lieferbeschr\u00e4nkungen (z.B. Beschr\u00e4nkung der Lieferungen auf bestimmten L\u00e4nder) auf einer gesonderten Informationsseite oder innerhalb der jeweiligen Produktbeschreibung unterrichtet.<\/p>\n<p><strong>6. Zahlungsmodalit\u00e4ten<\/strong><br \/>\n6.1. Der Kunde kann in Vorauskasse den Kauf verbindlich eingehen. Die Zahlung muss also im Voraus ohne Abzug zu erfolgen<\/p>\n<p><strong>7. Eigentumsvorbehalt<\/strong><br \/>\nBis zur vollst\u00e4ndigen Bezahlung verbleiben die gelieferten Waren im Eigentum des Verk\u00e4ufers.<\/p>\n<p><strong>8. Sachm\u00e4ngelgew\u00e4hrleistung und Garantie<\/strong><br \/>\n8.1. Die Gew\u00e4hrleistung bestimmt sich nach gesetzlichen Vorschriften.<\/p>\n<p>8.2. Eine Garantie besteht bei den vom Verk\u00e4ufer gelieferten Waren nur, wenn diese ausdr\u00fccklich abgegeben wurde.<\/p>\n<p><strong>9. Haftung<\/strong><br \/>\n9.1. F\u00fcr eine Haftung des Verk\u00e4ufers auf Schadensersatz gelten unbeschadet der sonstigen gesetzlichen Anspruchsvoraussetzungen folgende Haftungsausschl\u00fcsse und -begrenzungen.<\/p>\n<p>9.2. Der Verk\u00e4ufer haftet unbeschr\u00e4nkt, soweit die Schadensursache auf Vorsatz oder grober Fahrl\u00e4ssigkeit beruht.<\/p>\n<p>9.3. Ferner haftet der Verk\u00e4ufer f\u00fcr die leicht fahrl\u00e4ssige Verletzung von wesentlichen Pflichten, deren Verletzung die Erreichung des Vertragszwecks gef\u00e4hrdet, oder f\u00fcr die Verletzung von Pflichten, deren Erf\u00fcllung die ordnungsgem\u00e4\u00dfe Durchf\u00fchrung des Vertrages \u00fcberhaupt erst erm\u00f6glicht und auf deren Einhaltung der Kunde regelm\u00e4\u00dfig vertraut. In diesem Fall haftet der Verk\u00e4ufer jedoch nur f\u00fcr den vorhersehbaren, vertragstypischen Schaden. Der Verk\u00e4ufer haftet nicht f\u00fcr die leicht fahrl\u00e4ssige Verletzung anderer als der in den vorstehenden S\u00e4tzen genannten Pflichten.<\/p>\n<p>9.4. Die vorstehenden Haftungsbeschr\u00e4nkungen gelten nicht bei Verletzung von Leben, K\u00f6rper und Gesundheit, f\u00fcr einen Mangel nach \u00dcbernahme einer Garantie f\u00fcr die Beschaffenheit des Produktes und bei arglistig verschwiegenen M\u00e4ngeln. Die Haftung nach dem Produkthaftungsgesetz bleibt unber\u00fchrt.<\/p>\n<p>9.5. Soweit die Haftung des Verk\u00e4ufers ausgeschlossen oder beschr\u00e4nkt ist, gilt dies auch f\u00fcr die pers\u00f6nliche Haftung von Arbeitnehmern, Vertretern und Erf\u00fcllungsgehilfen.<\/p>\n<p><strong>10. Schlussbestimmungen<\/strong><br \/>\n10.1. Gerichtstand und Erf\u00fcllungsort ist der Sitz des Verk\u00e4ufers, wenn der Kunde Kaufmann, juristische Person des \u00f6ffentlichen Rechts oder \u00f6ffentlich-rechtliches Sonderverm\u00f6gen ist.<\/p>\n<p>10.2. Vertragssprache ist deutsch.<\/p>\n<p>10.3. Plattform der Europ\u00e4ischen Kommission zur Online-Streitbeilegung (OS) f\u00fcr Verbraucher: <a href=\"http:\/\/ec.europa.eu\/consumers\/odr\/\">http:\/\/ec.europa.eu\/consumers\/odr\/<\/a>. Wir sind nicht bereit und nicht verpflichtet an einem Streitbeilegungsverfahren vor einer Verbraucherschlichtungsstelle teilzunehmen.<\/p>\n<\/div>\n","protected":false},"excerpt":{"rendered":"<p>Allgemeine Gesch\u00e4ftsbedingungen mit Kundeninformationen 1. Geltungsbereich 2. Angebote und Leistungsbeschreibungen 3. Bestellvorgang und Vertragsabschluss 4. Preise und Versandkosten 5. Lieferung, Warenverf\u00fcgbarkeit 6. Zahlungsmodalit\u00e4ten 7. Eigentumsvorbehalt 8. Sachm\u00e4ngelgew\u00e4hrleistung und Garantie 9. Haftung 10. Speicherung des Vertragstextes 11. Schlussbestimmungen 1. Geltungsbereich 1.1. F\u00fcr die Gesch\u00e4ftsbeziehung zwischen Zefix\u00ae, Gesch\u00e4ftsf\u00fchrer: C. Schreiber, Reutberger Str. 9, 81471 M\u00fcnchen, Deutschland (nachfolgend<\/p>\n<div class=\"more-link\">\n             <a href=\"http:\/\/www.zefix.me\/?page_id=511\" class=\"btn btn-theme\">Weiterlesen<i class=\"fa fa-fw fa-long-arrow-right\"><\/i><\/a>\n        <\/div>\n","protected":false},"author":1,"featured_media":0,"parent":0,"menu_order":10,"comment_status":"closed","ping_status":"closed","template":"","meta":{"footnotes":""},"class_list":["post-511","page","type-page","status-publish","hentry"],"_links":{"self":[{"href":"http:\/\/www.zefix.me\/index.php?rest_route=\/wp\/v2\/pages\/511","targetHints":{"allow":["GET"]}}],"collection":[{"href":"http:\/\/www.zefix.me\/index.php?rest_route=\/wp\/v2\/pages"}],"about":[{"href":"http:\/\/www.zefix.me\/index.php?rest_route=\/wp\/v2\/types\/page"}],"author":[{"embeddable":true,"href":"http:\/\/www.zefix.me\/index.php?rest_route=\/wp\/v2\/users\/1"}],"replies":[{"embeddable":true,"href":"http:\/\/www.zefix.me\/index.php?rest_route=%2Fwp%2Fv2%2Fcomments&post=511"}],"version-history":[{"count":9,"href":"http:\/\/www.zefix.me\/index.php?rest_route=\/wp\/v2\/pages\/511\/revisions"}],"predecessor-version":[{"id":1551,"href":"http:\/\/www.zefix.me\/index.php?rest_route=\/wp\/v2\/pages\/511\/revisions\/1551"}],"wp:attachment":[{"href":"http:\/\/www.zefix.me\/index.php?rest_route=%2Fwp%2Fv2%2Fmedia&parent=511"}],"curies":[{"name":"wp","href":"https:\/\/api.w.org\/{rel}","templated":true}]}}