{"id":189,"date":"2014-05-06T17:54:16","date_gmt":"2014-05-06T15:54:16","guid":{"rendered":"http:\/\/www.zefix.me\/wordpress\/?page_id=189"},"modified":"2024-01-29T13:51:10","modified_gmt":"2024-01-29T11:51:10","slug":"mia-san-mia","status":"publish","type":"page","link":"https:\/\/www.zefix.me\/?page_id=189","title":{"rendered":"Mia san Mia!"},"content":{"rendered":"<div style=\"height:40px;\"><\/div><p>Zefix\u00ae is:<br \/>Heimatliebe &amp; Bayernkaltscha!<br \/>Lebn&#8217;sfraid &amp; Offenheit!<br \/>\u00c4ktschn &amp; P\u00e4ssion!<\/p>\n<p>In unsan liebevoll g&#8217;mochtn Outfits,<br \/>mix&#8217;n mia bajuwarische Tradition mit<br \/>aktueller F\u00e4sch&#8217;n, inspiriert von L\u00e4ndern <br \/>dieser Welt.<br \/>So griagt&#8217;z Ihr mit am echt&#8217;n Zefix\u00ae<br \/>a St\u00fcckal Lieblings-Kaltscha<br \/>in euren Kleiderschronk!<\/p>\n<p>Zefix\u00ae Originals!<br \/>F\u00fcr den echten Bayern-Lifestyle.<\/p>\n\n\n<figure class=\"wp-block-gallery has-nested-images columns-default is-cropped wp-block-gallery-1 is-layout-flex wp-block-gallery-is-layout-flex\"><\/figure>\n","protected":false},"excerpt":{"rendered":"<p>Zefix\u00ae is:Heimatliebe &amp; Bayernkaltscha!Lebn&#8217;sfraid &amp; Offenheit!\u00c4ktschn &amp; P\u00e4ssion! In unsan liebevoll g&#8217;mochtn Outfits,mix&#8217;n mia bajuwarische Tradition mitaktueller F\u00e4sch&#8217;n, inspiriert von L\u00e4ndern dieser Welt.So griagt&#8217;z Ihr mit am echt&#8217;n Zefix\u00aea St\u00fcckal Lieblings-Kaltschain euren Kleiderschronk! Zefix\u00ae Originals!F\u00fcr den echten Bayern-Lifestyle.<\/p>\n","protected":false},"author":1,"featured_media":57,"parent":235,"menu_order":1,"comment_status":"closed","ping_status":"closed","template":"custom-template\/full-container.php","meta":{"footnotes":""},"class_list":["post-189","page","type-page","status-publish","has-post-thumbnail","hentry"],"_links":{"self":[{"href":"https:\/\/www.zefix.me\/index.php?rest_route=\/wp\/v2\/pages\/189","targetHints":{"allow":["GET"]}}],"collection":[{"href":"https:\/\/www.zefix.me\/index.php?rest_route=\/wp\/v2\/pages"}],"about":[{"href":"https:\/\/www.zefix.me\/index.php?rest_route=\/wp\/v2\/types\/page"}],"author":[{"embeddable":true,"href":"https:\/\/www.zefix.me\/index.php?rest_route=\/wp\/v2\/users\/1"}],"replies":[{"embeddable":true,"href":"https:\/\/www.zefix.me\/index.php?rest_route=%2Fwp%2Fv2%2Fcomments&post=189"}],"version-history":[{"count":43,"href":"https:\/\/www.zefix.me\/index.php?rest_route=\/wp\/v2\/pages\/189\/revisions"}],"predecessor-version":[{"id":1732,"href":"https:\/\/www.zefix.me\/index.php?rest_route=\/wp\/v2\/pages\/189\/revisions\/1732"}],"up":[{"embeddable":true,"href":"https:\/\/www.zefix.me\/index.php?rest_route=\/wp\/v2\/pages\/235"}],"wp:featuredmedia":[{"embeddable":true,"href":"https:\/\/www.zefix.me\/index.php?rest_route=\/wp\/v2\/media\/57"}],"wp:attachment":[{"href":"https:\/\/www.zefix.me\/index.php?rest_route=%2Fwp%2Fv2%2Fmedia&parent=189"}],"curies":[{"name":"wp","href":"https:\/\/api.w.org\/{rel}","templated":true}]}}